{"id":9,"date":"2011-04-07T10:03:40","date_gmt":"2011-04-07T10:03:40","guid":{"rendered":"http:\/\/xn--fcdahl-drenhagen-twb.de\/?page_id=9"},"modified":"2025-05-08T12:17:58","modified_gmt":"2025-05-08T11:17:58","slug":"mitglied-werden","status":"publish","type":"page","link":"http:\/\/xn--fcdahl-drenhagen-twb.de\/?page_id=9","title":{"rendered":"Mitglied werden"},"content":{"rendered":"\t\t<div data-elementor-type=\"wp-page\" data-elementor-id=\"9\" class=\"elementor elementor-9\">\n\t\t\t\t<div class=\"elementor-element elementor-element-1ad57d7c e-flex e-con-boxed e-con e-parent\" data-id=\"1ad57d7c\" data-element_type=\"container\">\n\t\t\t\t\t<div class=\"e-con-inner\">\n\t\t\t\t<div class=\"elementor-element elementor-element-2aa8fcb5 elementor-widget elementor-widget-text-editor\" data-id=\"2aa8fcb5\" data-element_type=\"widget\" data-widget_type=\"text-editor.default\">\n\t\t\t\t<div class=\"elementor-widget-container\">\n\t\t\t\t\t\t\t\t\t<p>Haben Sie oder einer Ihrer Angeh\u00f6rigen Interesse, am Vereinsleben des FC Dahl D\u00f6renhagen 08 e.V. teilzunehmen?<\/p><p>Hier finden Sie den <a href=\"http:\/\/xn--fcdahl-drenhagen-twb.de\/wp-content\/uploads\/2025\/05\/aufnahmeantrag-FCDD2025.pdf\">Aufnahmeantrag mit Einzugserm\u00e4chtigung FC Dahl D\u00f6renhagen<\/a><\/p><p>Reichen Sie diesen bitte ausgef\u00fcllt (bei Minderj\u00e4hrigen durch einen Erziehungsberechtigten) bei einem unserer Vorstandsmitglieder ein. Die Ansprechpartner finden Sie ebenfalls auf dieser Internetseite unter &#8222;Allgeimeines &#8211; Vorstand&#8220;.<\/p>\t\t\t\t\t\t\t\t<\/div>\n\t\t\t\t<\/div>\n\t\t\t\t\t<\/div>\n\t\t\t\t<\/div>\n\t\t\t\t<\/div>\n\t\t","protected":false},"excerpt":{"rendered":"<p>Haben Sie oder einer Ihrer Angeh\u00f6rigen Interesse, am Vereinsleben des FC Dahl D\u00f6renhagen 08 e.V. teilzunehmen? Hier finden Sie den Aufnahmeantrag mit Einzugserm\u00e4chtigung FC Dahl D\u00f6renhagen Reichen Sie diesen bitte ausgef\u00fcllt (bei Minderj\u00e4hrigen durch einen<a class=\"read-more\" href=\"http:\/\/xn--fcdahl-drenhagen-twb.de\/?page_id=9\">Continue reading<\/a><\/p>\n","protected":false},"author":1,"featured_media":0,"parent":4,"menu_order":1,"comment_status":"open","ping_status":"open","template":"","meta":{"_monsterinsights_skip_tracking":false,"_monsterinsights_sitenote_active":false,"_monsterinsights_sitenote_note":"","_monsterinsights_sitenote_category":0,"ngg_post_thumbnail":0,"footnotes":""},"class_list":["post-9","page","type-page","status-publish","hentry"],"_links":{"self":[{"href":"http:\/\/xn--fcdahl-drenhagen-twb.de\/index.php?rest_route=\/wp\/v2\/pages\/9","targetHints":{"allow":["GET"]}}],"collection":[{"href":"http:\/\/xn--fcdahl-drenhagen-twb.de\/index.php?rest_route=\/wp\/v2\/pages"}],"about":[{"href":"http:\/\/xn--fcdahl-drenhagen-twb.de\/index.php?rest_route=\/wp\/v2\/types\/page"}],"author":[{"embeddable":true,"href":"http:\/\/xn--fcdahl-drenhagen-twb.de\/index.php?rest_route=\/wp\/v2\/users\/1"}],"replies":[{"embeddable":true,"href":"http:\/\/xn--fcdahl-drenhagen-twb.de\/index.php?rest_route=%2Fwp%2Fv2%2Fcomments&post=9"}],"version-history":[{"count":12,"href":"http:\/\/xn--fcdahl-drenhagen-twb.de\/index.php?rest_route=\/wp\/v2\/pages\/9\/revisions"}],"predecessor-version":[{"id":4672,"href":"http:\/\/xn--fcdahl-drenhagen-twb.de\/index.php?rest_route=\/wp\/v2\/pages\/9\/revisions\/4672"}],"up":[{"embeddable":true,"href":"http:\/\/xn--fcdahl-drenhagen-twb.de\/index.php?rest_route=\/wp\/v2\/pages\/4"}],"wp:attachment":[{"href":"http:\/\/xn--fcdahl-drenhagen-twb.de\/index.php?rest_route=%2Fwp%2Fv2%2Fmedia&parent=9"}],"curies":[{"name":"wp","href":"https:\/\/api.w.org\/{rel}","templated":true}]}}